{"id":13465,"date":"2023-04-27T10:12:03","date_gmt":"2023-04-27T10:12:03","guid":{"rendered":"https:\/\/www.vial.eus\/?page_id=13465"},"modified":"2024-10-29T16:31:40","modified_gmt":"2024-10-29T16:31:40","slug":"contact","status":"publish","type":"page","link":"https:\/\/www.vial.eus\/en\/contact\/","title":{"rendered":"Contact"},"content":{"rendered":"\t\t<div data-elementor-type=\"wp-page\" data-elementor-id=\"13465\" class=\"elementor elementor-13465 elementor-137\">\n\t\t\t\t\t\t\t\t\t<section class=\"elementor-section elementor-top-section elementor-element elementor-element-4c83653 img-destacada elementor-section-boxed elementor-section-height-default elementor-section-height-default\" data-id=\"4c83653\" data-element_type=\"section\">\n\t\t\t\t\t\t<div class=\"elementor-container elementor-column-gap-default\">\n\t\t\t\t\t<div class=\"elementor-column elementor-col-100 elementor-top-column elementor-element elementor-element-9d64bca\" data-id=\"9d64bca\" data-element_type=\"column\">\n\t\t\t<div class=\"elementor-widget-wrap elementor-element-populated\">\n\t\t\t\t\t\t\t\t<div class=\"elementor-element elementor-element-63fbf86 elementor-widget elementor-widget-heading\" data-id=\"63fbf86\" data-element_type=\"widget\" data-widget_type=\"heading.default\">\n\t\t\t\t<div class=\"elementor-widget-container\">\n\t\t\t<style>\/*! elementor - v3.12.1 - 02-04-2023 *\/\n.elementor-heading-title{padding:0;margin:0;line-height:1}.elementor-widget-heading .elementor-heading-title[class*=elementor-size-]>a{color:inherit;font-size:inherit;line-height:inherit}.elementor-widget-heading .elementor-heading-title.elementor-size-small{font-size:15px}.elementor-widget-heading .elementor-heading-title.elementor-size-medium{font-size:19px}.elementor-widget-heading .elementor-heading-title.elementor-size-large{font-size:29px}.elementor-widget-heading .elementor-heading-title.elementor-size-xl{font-size:39px}.elementor-widget-heading .elementor-heading-title.elementor-size-xxl{font-size:59px}<\/style><h1 class=\"elementor-heading-title elementor-size-default\">Contact<\/h1>\t\t<\/div>\n\t\t\t\t<\/div>\n\t\t\t\t<div class=\"elementor-element elementor-element-8a7667f mb-0 elementor-widget elementor-widget-text-editor\" data-id=\"8a7667f\" data-element_type=\"widget\" data-widget_type=\"text-editor.default\">\n\t\t\t\t<div class=\"elementor-widget-container\">\n\t\t\t<style>\/*! elementor - v3.12.1 - 02-04-2023 *\/\n.elementor-widget-text-editor.elementor-drop-cap-view-stacked .elementor-drop-cap{background-color:#69727d;color:#fff}.elementor-widget-text-editor.elementor-drop-cap-view-framed .elementor-drop-cap{color:#69727d;border:3px solid;background-color:transparent}.elementor-widget-text-editor:not(.elementor-drop-cap-view-default) .elementor-drop-cap{margin-top:8px}.elementor-widget-text-editor:not(.elementor-drop-cap-view-default) .elementor-drop-cap-letter{width:1em;height:1em}.elementor-widget-text-editor .elementor-drop-cap{float:left;text-align:center;line-height:1;font-size:50px}.elementor-widget-text-editor .elementor-drop-cap-letter{display:inline-block}<\/style>\t\t\t\t<p style=\"text-align: center;\">Please complete your details below and your request will be answered as soon as possible<\/p>\t\t\t\t\t\t<\/div>\n\t\t\t\t<\/div>\n\t\t\t\t<div class=\"elementor-element elementor-element-992e830 contact-form elementor-widget elementor-widget-shortcode\" data-id=\"992e830\" data-element_type=\"widget\" data-widget_type=\"shortcode.default\">\n\t\t\t\t<div class=\"elementor-widget-container\">\n\t\t\t\t\t<div class=\"elementor-shortcode\">\n<div class=\"wpcf7 no-js\" id=\"wpcf7-f9524-o1\" lang=\"es-ES\" dir=\"ltr\">\n<div class=\"screen-reader-response\"><p role=\"status\" aria-live=\"polite\" aria-atomic=\"true\"><\/p> <ul><\/ul><\/div>\n<form action=\"\/en\/wp-json\/wp\/v2\/pages\/13465#wpcf7-f9524-o1\" method=\"post\" class=\"wpcf7-form init\" aria-label=\"Formulario de contacto\" novalidate=\"novalidate\" data-status=\"init\">\n<div style=\"display: none;\">\n<input type=\"hidden\" name=\"_wpcf7\" value=\"9524\" \/>\n<input type=\"hidden\" name=\"_wpcf7_version\" value=\"5.7.5.1\" \/>\n<input type=\"hidden\" name=\"_wpcf7_locale\" value=\"es_ES\" \/>\n<input type=\"hidden\" name=\"_wpcf7_unit_tag\" value=\"wpcf7-f9524-o1\" \/>\n<input type=\"hidden\" name=\"_wpcf7_container_post\" value=\"0\" \/>\n<input type=\"hidden\" name=\"_wpcf7_posted_data_hash\" value=\"\" \/>\n<input type=\"hidden\" name=\"_wpcf7_recaptcha_response\" value=\"\" \/>\n<\/div>\n<div class=\"contact-form\">\n  <div class=\"form-row\">\n    <label for=\"name\">Name*<\/label>\n    <span class=\"wpcf7-form-control-wrap\" data-name=\"nombre\"><input size=\"40\" class=\"wpcf7-form-control wpcf7-text wpcf7-validates-as-required\" aria-required=\"true\" aria-invalid=\"false\" value=\"\" type=\"text\" name=\"nombre\" \/><\/span>\n  <\/div>\n  <div class=\"form-row\">\n    <label for=\"apellido\">Surname*<\/label>\n    <span class=\"wpcf7-form-control-wrap\" data-name=\"apellido\"><input size=\"40\" class=\"wpcf7-form-control wpcf7-text wpcf7-validates-as-required\" aria-required=\"true\" aria-invalid=\"false\" value=\"\" type=\"text\" name=\"apellido\" \/><\/span>\n  <\/div>\n  <div class=\"form-row\">\n    <label for=\"email\">Email*<\/label>\n    <span class=\"wpcf7-form-control-wrap\" data-name=\"email\"><input size=\"40\" class=\"wpcf7-form-control wpcf7-text wpcf7-email wpcf7-validates-as-required wpcf7-validates-as-email\" aria-required=\"true\" aria-invalid=\"false\" value=\"\" type=\"email\" name=\"email\" \/><\/span>\n  <\/div>\n  <div class=\"form-row\">\n    <label for=\"tel\">Telephone*<\/label>\n    <span class=\"wpcf7-form-control-wrap\" data-name=\"tel\"><input size=\"40\" class=\"wpcf7-form-control wpcf7-text wpcf7-tel wpcf7-validates-as-required wpcf7-validates-as-tel\" aria-required=\"true\" aria-invalid=\"false\" value=\"\" type=\"tel\" name=\"tel\" \/><\/span>\n  <\/div>\n  <div class=\"form-row\">\n    <label for=\"mensaje\">Message*<\/label>\n    <span class=\"wpcf7-form-control-wrap\" data-name=\"textarea-795\"><textarea cols=\"40\" rows=\"10\" class=\"wpcf7-form-control wpcf7-textarea\" aria-invalid=\"false\" name=\"textarea-795\"><\/textarea><\/span>\n  <\/div>\n  <div class=\"form-row form-check\" id=\"privacidad\" data-modal=\"privacidad\">\n    <span class=\"wpcf7-form-control-wrap\" data-name=\"checkbox-acepto\"><span class=\"wpcf7-form-control wpcf7-checkbox wpcf7-validates-as-required form-check-info\" id=\"info\"><span class=\"wpcf7-list-item first last\"><input type=\"checkbox\" name=\"checkbox-acepto[]\" value=\"I have read and accept the privacy policy\" \/><span class=\"wpcf7-list-item-label\">I have read and accept the privacy policy<\/span><\/span><\/span><\/span>\n  <\/div>\n\n  <div class=\"form-row submit-row\">\n    <div class=\"form-text\">\n      <p>\n        <span>VIAL -Vitoria \u00c1lava Logistics Solution-<\/span><br>C\u00c1MARA DE COMERCIO, INDUSTRIA Y SERVICIOS DE \u00c1LAVA<br>Dato 38, 01005 Vitoria-Gasteiz (\u00c1lava) \u2013SPAIN\u2013<br>Tel. <a href=\"tel:+34945141800\" title=\"Call us\" style=\"text-decoration:none\">(+34) 945 141 800<\/a>\n      <\/p>\n\n      <div class=\"form-submit\">\n        <input class=\"wpcf7-form-control has-spinner wpcf7-submit formulario_contacto\" type=\"submit\" value=\"Send\" \/>\n      <\/div>\n    <\/div>\n  <\/div>\n\n<\/div><div class=\"wpcf7-response-output\" aria-hidden=\"true\"><\/div>\n<\/form>\n<\/div>\n<\/div>\n\t\t\t\t<\/div>\n\t\t\t\t<\/div>\n\t\t\t\t\t<\/div>\n\t\t<\/div>\n\t\t\t\t\t\t\t<\/div>\n\t\t<\/section>\n\t\t\t\t\t\t\t<\/div>\n\t\t","protected":false},"excerpt":{"rendered":"<p>&nbsp;<\/p>\n","protected":false},"author":24,"featured_media":0,"parent":0,"menu_order":0,"comment_status":"closed","ping_status":"closed","template":"elementor_theme","meta":{"footnotes":""},"class_list":["post-13465","page","type-page","status-publish","hentry"],"yoast_head":"<!-- This site is optimized with the Yoast SEO plugin v20.5 - https:\/\/yoast.com\/wordpress\/plugins\/seo\/ -->\n<title>Contact Vial | Vitoria \u00c1lava Logistics Solution<\/title>\n<meta name=\"description\" content=\"Complete the Contact Form and your request will be responded to as soon as possible. You can also contact Vial by Phone\" \/>\n<meta name=\"robots\" content=\"index, follow, max-snippet:-1, max-image-preview:large, max-video-preview:-1\" \/>\n<link rel=\"canonical\" href=\"https:\/\/www.vial.eus\/en\/contact\/\" \/>\n<meta property=\"og:locale\" content=\"en_US\" \/>\n<meta property=\"og:type\" content=\"article\" \/>\n<meta property=\"og:title\" content=\"Contact Vial | Vitoria \u00c1lava Logistics Solution\" \/>\n<meta property=\"og:description\" content=\"Complete the Contact Form and your request will be responded to as soon as possible. You can also contact Vial by Phone\" \/>\n<meta property=\"og:url\" content=\"https:\/\/www.vial.eus\/en\/contact\/\" \/>\n<meta property=\"og:site_name\" content=\"Vial\" \/>\n<meta property=\"article:modified_time\" content=\"2024-10-29T16:31:40+00:00\" \/>\n<meta property=\"og:image\" content=\"https:\/\/www.vial.eus\/wp-content\/uploads\/2023\/05\/mapa_home_opt.jpg\" \/>\n\t<meta property=\"og:image:width\" content=\"1920\" \/>\n\t<meta property=\"og:image:height\" content=\"842\" \/>\n\t<meta property=\"og:image:type\" content=\"image\/jpeg\" \/>\n<meta name=\"twitter:card\" content=\"summary_large_image\" \/>\n<meta name=\"twitter:label1\" content=\"Est. reading time\" \/>\n\t<meta name=\"twitter:data1\" content=\"1 minute\" \/>\n<script type=\"application\/ld+json\" class=\"yoast-schema-graph\">{\"@context\":\"https:\/\/schema.org\",\"@graph\":[{\"@type\":\"WebPage\",\"@id\":\"https:\/\/www.vial.eus\/en\/contact\/\",\"url\":\"https:\/\/www.vial.eus\/en\/contact\/\",\"name\":\"Contact Vial | Vitoria \u00c1lava Logistics Solution\",\"isPartOf\":{\"@id\":\"https:\/\/www.vial.eus\/#website\"},\"datePublished\":\"2023-04-27T10:12:03+00:00\",\"dateModified\":\"2024-10-29T16:31:40+00:00\",\"description\":\"Complete the Contact Form and your request will be responded to as soon as possible. You can also contact Vial by Phone\",\"inLanguage\":\"en-US\",\"potentialAction\":[{\"@type\":\"ReadAction\",\"target\":[\"https:\/\/www.vial.eus\/en\/contact\/\"]}]},{\"@type\":\"WebSite\",\"@id\":\"https:\/\/www.vial.eus\/#website\",\"url\":\"https:\/\/www.vial.eus\/\",\"name\":\"Vial\",\"description\":\"HUB del suroeste de Europa en el centro del corredor Atl\u00e1ntico\",\"publisher\":{\"@id\":\"https:\/\/www.vial.eus\/#organization\"},\"alternateName\":\"Vitoria \u00c1lava Logistics Solution\",\"potentialAction\":[{\"@type\":\"SearchAction\",\"target\":{\"@type\":\"EntryPoint\",\"urlTemplate\":\"https:\/\/www.vial.eus\/?s={search_term_string}\"},\"query-input\":\"required name=search_term_string\"}],\"inLanguage\":\"en-US\"},{\"@type\":\"Organization\",\"@id\":\"https:\/\/www.vial.eus\/#organization\",\"name\":\"Vitoria \u00c1lava Logistics Solution\",\"alternateName\":\"Vial\",\"url\":\"https:\/\/www.vial.eus\/\",\"logo\":{\"@type\":\"ImageObject\",\"inLanguage\":\"en-US\",\"@id\":\"https:\/\/www.vial.eus\/#\/schema\/logo\/image\/\",\"url\":\"https:\/\/www.vial.eus\/wp-content\/uploads\/2021\/09\/logo_vial.jpg\",\"contentUrl\":\"https:\/\/www.vial.eus\/wp-content\/uploads\/2021\/09\/logo_vial.jpg\",\"width\":341,\"height\":170,\"caption\":\"Vitoria \u00c1lava Logistics Solution\"},\"image\":{\"@id\":\"https:\/\/www.vial.eus\/#\/schema\/logo\/image\/\"}}]}<\/script>\n<!-- \/ Yoast SEO plugin. -->","yoast_head_json":{"title":"Contact Vial | Vitoria \u00c1lava Logistics Solution","description":"Complete the Contact Form and your request will be responded to as soon as possible. You can also contact Vial by Phone","robots":{"index":"index","follow":"follow","max-snippet":"max-snippet:-1","max-image-preview":"max-image-preview:large","max-video-preview":"max-video-preview:-1"},"canonical":"https:\/\/www.vial.eus\/en\/contact\/","og_locale":"en_US","og_type":"article","og_title":"Contact Vial | Vitoria \u00c1lava Logistics Solution","og_description":"Complete the Contact Form and your request will be responded to as soon as possible. You can also contact Vial by Phone","og_url":"https:\/\/www.vial.eus\/en\/contact\/","og_site_name":"Vial","article_modified_time":"2024-10-29T16:31:40+00:00","og_image":[{"width":1920,"height":842,"url":"https:\/\/www.vial.eus\/wp-content\/uploads\/2023\/05\/mapa_home_opt.jpg","type":"image\/jpeg"}],"twitter_card":"summary_large_image","twitter_misc":{"Est. reading time":"1 minute"},"schema":{"@context":"https:\/\/schema.org","@graph":[{"@type":"WebPage","@id":"https:\/\/www.vial.eus\/en\/contact\/","url":"https:\/\/www.vial.eus\/en\/contact\/","name":"Contact Vial | Vitoria \u00c1lava Logistics Solution","isPartOf":{"@id":"https:\/\/www.vial.eus\/#website"},"datePublished":"2023-04-27T10:12:03+00:00","dateModified":"2024-10-29T16:31:40+00:00","description":"Complete the Contact Form and your request will be responded to as soon as possible. You can also contact Vial by Phone","inLanguage":"en-US","potentialAction":[{"@type":"ReadAction","target":["https:\/\/www.vial.eus\/en\/contact\/"]}]},{"@type":"WebSite","@id":"https:\/\/www.vial.eus\/#website","url":"https:\/\/www.vial.eus\/","name":"Vial","description":"HUB del suroeste de Europa en el centro del corredor Atl\u00e1ntico","publisher":{"@id":"https:\/\/www.vial.eus\/#organization"},"alternateName":"Vitoria \u00c1lava Logistics Solution","potentialAction":[{"@type":"SearchAction","target":{"@type":"EntryPoint","urlTemplate":"https:\/\/www.vial.eus\/?s={search_term_string}"},"query-input":"required name=search_term_string"}],"inLanguage":"en-US"},{"@type":"Organization","@id":"https:\/\/www.vial.eus\/#organization","name":"Vitoria \u00c1lava Logistics Solution","alternateName":"Vial","url":"https:\/\/www.vial.eus\/","logo":{"@type":"ImageObject","inLanguage":"en-US","@id":"https:\/\/www.vial.eus\/#\/schema\/logo\/image\/","url":"https:\/\/www.vial.eus\/wp-content\/uploads\/2021\/09\/logo_vial.jpg","contentUrl":"https:\/\/www.vial.eus\/wp-content\/uploads\/2021\/09\/logo_vial.jpg","width":341,"height":170,"caption":"Vitoria \u00c1lava Logistics Solution"},"image":{"@id":"https:\/\/www.vial.eus\/#\/schema\/logo\/image\/"}}]}},"acf":[],"_links":{"self":[{"href":"https:\/\/www.vial.eus\/en\/wp-json\/wp\/v2\/pages\/13465","targetHints":{"allow":["GET"]}}],"collection":[{"href":"https:\/\/www.vial.eus\/en\/wp-json\/wp\/v2\/pages"}],"about":[{"href":"https:\/\/www.vial.eus\/en\/wp-json\/wp\/v2\/types\/page"}],"author":[{"embeddable":true,"href":"https:\/\/www.vial.eus\/en\/wp-json\/wp\/v2\/users\/24"}],"replies":[{"embeddable":true,"href":"https:\/\/www.vial.eus\/en\/wp-json\/wp\/v2\/comments?post=13465"}],"version-history":[{"count":13,"href":"https:\/\/www.vial.eus\/en\/wp-json\/wp\/v2\/pages\/13465\/revisions"}],"predecessor-version":[{"id":13577,"href":"https:\/\/www.vial.eus\/en\/wp-json\/wp\/v2\/pages\/13465\/revisions\/13577"}],"wp:attachment":[{"href":"https:\/\/www.vial.eus\/en\/wp-json\/wp\/v2\/media?parent=13465"}],"curies":[{"name":"wp","href":"https:\/\/api.w.org\/{rel}","templated":true}]}}