{"id":13444,"date":"2023-04-27T09:37:31","date_gmt":"2023-04-27T09:37:31","guid":{"rendered":"https:\/\/www.vial.eus\/?page_id=13444"},"modified":"2024-11-15T11:40:06","modified_gmt":"2024-11-15T11:40:06","slug":"high-technological-innovation","status":"publish","type":"page","link":"https:\/\/www.vial.eus\/en\/setting\/high-technological-innovation\/","title":{"rendered":"Highly innovative"},"content":{"rendered":"\t\t<div data-elementor-type=\"wp-page\" data-elementor-id=\"13444\" class=\"elementor elementor-13444 elementor-12963\">\n\t\t\t\t\t\t\t\t\t<section class=\"elementor-section elementor-top-section elementor-element elementor-element-c249fb6 cabecera-pagina elementor-section-boxed elementor-section-height-default elementor-section-height-default\" data-id=\"c249fb6\" data-element_type=\"section\">\n\t\t\t\t\t\t<div class=\"elementor-container elementor-column-gap-default\">\n\t\t\t\t\t<div class=\"elementor-column elementor-col-100 elementor-top-column elementor-element elementor-element-d23dc8e\" data-id=\"d23dc8e\" data-element_type=\"column\">\n\t\t\t<div class=\"elementor-widget-wrap elementor-element-populated\">\n\t\t\t\t\t\t\t\t<div class=\"elementor-element elementor-element-e60d33e elementor-widget elementor-widget-heading\" data-id=\"e60d33e\" data-element_type=\"widget\" data-widget_type=\"heading.default\">\n\t\t\t\t<div class=\"elementor-widget-container\">\n\t\t\t<style>\/*! elementor - v3.12.1 - 02-04-2023 *\/\n.elementor-heading-title{padding:0;margin:0;line-height:1}.elementor-widget-heading .elementor-heading-title[class*=elementor-size-]>a{color:inherit;font-size:inherit;line-height:inherit}.elementor-widget-heading .elementor-heading-title.elementor-size-small{font-size:15px}.elementor-widget-heading .elementor-heading-title.elementor-size-medium{font-size:19px}.elementor-widget-heading .elementor-heading-title.elementor-size-large{font-size:29px}.elementor-widget-heading .elementor-heading-title.elementor-size-xl{font-size:39px}.elementor-widget-heading .elementor-heading-title.elementor-size-xxl{font-size:59px}<\/style><h1 class=\"elementor-heading-title elementor-size-default\">HIGH TECHNOLOGICAL INNOVATION<\/h1>\t\t<\/div>\n\t\t\t\t<\/div>\n\t\t\t\t<div class=\"elementor-element elementor-element-5a14c44 elementor-widget elementor-widget-text-editor\" data-id=\"5a14c44\" data-element_type=\"widget\" data-widget_type=\"text-editor.default\">\n\t\t\t\t<div class=\"elementor-widget-container\">\n\t\t\t<style>\/*! elementor - v3.12.1 - 02-04-2023 *\/\n.elementor-widget-text-editor.elementor-drop-cap-view-stacked .elementor-drop-cap{background-color:#69727d;color:#fff}.elementor-widget-text-editor.elementor-drop-cap-view-framed .elementor-drop-cap{color:#69727d;border:3px solid;background-color:transparent}.elementor-widget-text-editor:not(.elementor-drop-cap-view-default) .elementor-drop-cap{margin-top:8px}.elementor-widget-text-editor:not(.elementor-drop-cap-view-default) .elementor-drop-cap-letter{width:1em;height:1em}.elementor-widget-text-editor .elementor-drop-cap{float:left;text-align:center;line-height:1;font-size:50px}.elementor-widget-text-editor .elementor-drop-cap-letter{display:inline-block}<\/style>\t\t\t\t<p>According to the European Commission\u2019s report \u2018Regional Innovation Scoreboard 2021\u2019, the Basque Country ranks among the most highly innovative regions, and is deemed a regional pole of excellence. Furthermore, the innovative performance of the Basque Country exceeds the European Union average and that of Spain.<\/p>\t\t\t\t\t\t<\/div>\n\t\t\t\t<\/div>\n\t\t\t\t\t<\/div>\n\t\t<\/div>\n\t\t\t\t\t\t\t<\/div>\n\t\t<\/section>\n\t\t\t\t<section class=\"elementor-section elementor-top-section elementor-element elementor-element-6e0bf52 elementor-section-boxed elementor-section-height-default elementor-section-height-default\" data-id=\"6e0bf52\" data-element_type=\"section\">\n\t\t\t\t\t\t<div class=\"elementor-container elementor-column-gap-default\">\n\t\t\t\t\t<div class=\"elementor-column elementor-col-50 elementor-top-column elementor-element elementor-element-67a3b35 item-empresa\" data-id=\"67a3b35\" data-element_type=\"column\">\n\t\t\t<div class=\"elementor-widget-wrap elementor-element-populated\">\n\t\t\t\t\t\t\t\t<div class=\"elementor-element elementor-element-2671b45 elementor-widget elementor-widget-heading\" data-id=\"2671b45\" data-element_type=\"widget\" data-widget_type=\"heading.default\">\n\t\t\t\t<div class=\"elementor-widget-container\">\n\t\t\t<h3 class=\"elementor-heading-title elementor-size-default\">THE BASQUE SCIENCE, TECHNOLOGY AND INNOVATION NETWORK (RVCTI)<\/h3>\t\t<\/div>\n\t\t\t\t<\/div>\n\t\t\t\t<div class=\"elementor-element elementor-element-d9c3113 elementor-widget elementor-widget-text-editor\" data-id=\"d9c3113\" data-element_type=\"widget\" data-widget_type=\"text-editor.default\">\n\t\t\t\t<div class=\"elementor-widget-container\">\n\t\t\t\t\t\t\t<p>Created in 1997, it reflects the Basque Country\u2019s huge technological commitment to enhancing the region\u2019s competitive value in terms of production. It is a group of organisations dedicated to research, development and innovation that operate as a network to carry out a balanced variety of R&amp;D&amp;i activities, providing the Basque business sector with specialised and comprehensive technological products and services.<\/p>\t\t\t\t\t\t<\/div>\n\t\t\t\t<\/div>\n\t\t\t\t<div class=\"elementor-element elementor-element-a365d8b elementor-widget elementor-widget-image\" data-id=\"a365d8b\" data-element_type=\"widget\" data-widget_type=\"image.default\">\n\t\t\t\t<div class=\"elementor-widget-container\">\n\t\t\t<style>\/*! elementor - v3.12.1 - 02-04-2023 *\/\n.elementor-widget-image{text-align:center}.elementor-widget-image a{display:inline-block}.elementor-widget-image a img[src$=\".svg\"]{width:48px}.elementor-widget-image img{vertical-align:middle;display:inline-block}<\/style>\t\t\t\t\t\t\t\t\t\t\t\t<img loading=\"lazy\" decoding=\"async\" width=\"676\" height=\"451\" src=\"https:\/\/www.vial.eus\/wp-content\/uploads\/2024\/11\/CIC.jpg\" class=\"attachment-medium size-medium wp-image-14309\" alt=\"Basque Network of Science, Technology and Innovation RVCTI\" \/>\t\t\t\t\t\t\t\t\t\t\t\t\t\t\t<\/div>\n\t\t\t\t<\/div>\n\t\t\t\t\t<\/div>\n\t\t<\/div>\n\t\t\t\t<div class=\"elementor-column elementor-col-50 elementor-top-column elementor-element elementor-element-bbcf878 item-empresa\" data-id=\"bbcf878\" data-element_type=\"column\">\n\t\t\t<div class=\"elementor-widget-wrap elementor-element-populated\">\n\t\t\t\t\t\t\t\t<div class=\"elementor-element elementor-element-70ef82d elementor-widget elementor-widget-heading\" data-id=\"70ef82d\" data-element_type=\"widget\" data-widget_type=\"heading.default\">\n\t\t\t\t<div class=\"elementor-widget-container\">\n\t\t\t<h3 class=\"elementor-heading-title elementor-size-default\">\u00c1LAVA TECHNOLOGY PARK<\/h3>\t\t<\/div>\n\t\t\t\t<\/div>\n\t\t\t\t<div class=\"elementor-element elementor-element-333085f elementor-widget elementor-widget-text-editor\" data-id=\"333085f\" data-element_type=\"widget\" data-widget_type=\"text-editor.default\">\n\t\t\t\t<div class=\"elementor-widget-container\">\n\t\t\t\t\t\t\t<a href=\"https:\/\/parke.eus\/alava\/en\/\" target=\"_blank\" rel=\"noopener\">\u00c1lava Technology Park<\/a> houses 170 companies and distinguished technological research centres, including: <strong>CIC energiGune<\/strong>, the <strong>Aeronautical Technology Centre<\/strong>, the <strong>Basque Cybersecurity Centre<\/strong>, <strong>Neiker<\/strong>, <strong>Siemens Engines R&amp;D<\/strong>, the <strong>BTI Biotechnology Institute<\/strong> and important <strong>Tecnalia Research &amp; Innovation<\/strong> facilities.\n\t\t\t\t\t\t<\/div>\n\t\t\t\t<\/div>\n\t\t\t\t<div class=\"elementor-element elementor-element-9f45123 elementor-widget elementor-widget-image\" data-id=\"9f45123\" data-element_type=\"widget\" data-widget_type=\"image.default\">\n\t\t\t\t<div class=\"elementor-widget-container\">\n\t\t\t\t\t\t\t\t\t\t\t\t\t\t\t<img loading=\"lazy\" decoding=\"async\" width=\"768\" height=\"512\" src=\"https:\/\/www.vial.eus\/wp-content\/uploads\/2024\/11\/PTA-Minano-JQF_7353-QUINTAS-768x512-1.jpg\" class=\"attachment-medium size-medium wp-image-14311\" alt=\"\u00c1lava Technology Park\" \/>\t\t\t\t\t\t\t\t\t\t\t\t\t\t\t<\/div>\n\t\t\t\t<\/div>\n\t\t\t\t\t<\/div>\n\t\t<\/div>\n\t\t\t\t\t\t\t<\/div>\n\t\t<\/section>\n\t\t\t\t<section class=\"elementor-section elementor-top-section elementor-element elementor-element-a89c8de elementor-section-boxed elementor-section-height-default elementor-section-height-default\" data-id=\"a89c8de\" data-element_type=\"section\">\n\t\t\t\t\t\t<div class=\"elementor-container elementor-column-gap-default\">\n\t\t\t\t\t<div class=\"elementor-column elementor-col-50 elementor-top-column elementor-element elementor-element-abe14f6 item-empresa\" data-id=\"abe14f6\" data-element_type=\"column\">\n\t\t\t<div class=\"elementor-widget-wrap elementor-element-populated\">\n\t\t\t\t\t\t\t\t<div class=\"elementor-element elementor-element-2b60985 elementor-widget elementor-widget-heading\" data-id=\"2b60985\" data-element_type=\"widget\" data-widget_type=\"heading.default\">\n\t\t\t\t<div class=\"elementor-widget-container\">\n\t\t\t<h3 class=\"elementor-heading-title elementor-size-default\">RIS3: INTELLIGENT SPECIALISATION<\/h3>\t\t<\/div>\n\t\t\t\t<\/div>\n\t\t\t\t<div class=\"elementor-element elementor-element-f80f18f elementor-widget elementor-widget-text-editor\" data-id=\"f80f18f\" data-element_type=\"widget\" data-widget_type=\"text-editor.default\">\n\t\t\t\t<div class=\"elementor-widget-container\">\n\t\t\t\t\t\t\t<p>The European Union\u2019s RIS3 initiative for the specialisation of regions has led to the definition of three priorities in the Basque Country: \u00ab<strong>smart industry<\/strong>\u00bb, \u00ab<strong>cleaner energies<\/strong>\u00bb and \u00ab<strong>personalised health<\/strong>\u00bb, in line with the three transitions proposed by the EU in response to the new global challenges.<\/p><p>\u00a0<\/p>\t\t\t\t\t\t<\/div>\n\t\t\t\t<\/div>\n\t\t\t\t<div class=\"elementor-element elementor-element-1efc100 elementor-widget elementor-widget-image\" data-id=\"1efc100\" data-element_type=\"widget\" data-widget_type=\"image.default\">\n\t\t\t\t<div class=\"elementor-widget-container\">\n\t\t\t\t\t\t\t\t\t\t\t\t\t\t\t<img loading=\"lazy\" decoding=\"async\" width=\"768\" height=\"247\" src=\"https:\/\/www.vial.eus\/wp-content\/uploads\/2023\/04\/RIS3-768x247.jpg\" class=\"attachment-medium size-medium wp-image-13058\" alt=\"RIS3 Euskadi\" srcset=\"https:\/\/www.vial.eus\/wp-content\/uploads\/2023\/04\/RIS3-768x247.jpg 768w, https:\/\/www.vial.eus\/wp-content\/uploads\/2023\/04\/RIS3.jpg 781w\" sizes=\"auto, (max-width: 768px) 100vw, 768px\" \/>\t\t\t\t\t\t\t\t\t\t\t\t\t\t\t<\/div>\n\t\t\t\t<\/div>\n\t\t\t\t\t<\/div>\n\t\t<\/div>\n\t\t\t\t<div class=\"elementor-column elementor-col-50 elementor-top-column elementor-element elementor-element-8779cd9 item-empresa\" data-id=\"8779cd9\" data-element_type=\"column\">\n\t\t\t<div class=\"elementor-widget-wrap elementor-element-populated\">\n\t\t\t\t\t\t\t\t<div class=\"elementor-element elementor-element-3ff9481 elementor-widget elementor-widget-heading\" data-id=\"3ff9481\" data-element_type=\"widget\" data-widget_type=\"heading.default\">\n\t\t\t\t<div class=\"elementor-widget-container\">\n\t\t\t<h3 class=\"elementor-heading-title elementor-size-default\">MOBILITY LAB of Vitoria and \u00c1lava<\/h3>\t\t<\/div>\n\t\t\t\t<\/div>\n\t\t\t\t<div class=\"elementor-element elementor-element-7febaf8 elementor-widget elementor-widget-text-editor\" data-id=\"7febaf8\" data-element_type=\"widget\" data-widget_type=\"text-editor.default\">\n\t\t\t\t<div class=\"elementor-widget-container\">\n\t\t\t\t\t\t\t<p><strong>\u2018Fundaci\u00f3n Vitoria-Gasteiz, Araba Mobility Lab Fundazioa\u2019<\/strong> is a foundation whose strategic aims are as follows: to facilitate the creation of spaces for experimentation associated with the mobility of the future; to be a place for meeting, exchange and alignment between public administration, companies, researchers and teachers; and to build, through collaboration between its agents, a pole of innovation in mobility and logistics that will become a European benchmark in transformative policies.<\/p>\t\t\t\t\t\t<\/div>\n\t\t\t\t<\/div>\n\t\t\t\t<div class=\"elementor-element elementor-element-119b01c elementor-widget elementor-widget-image\" data-id=\"119b01c\" data-element_type=\"widget\" data-widget_type=\"image.default\">\n\t\t\t\t<div class=\"elementor-widget-container\">\n\t\t\t\t\t\t\t\t\t\t\t\t\t\t\t<img loading=\"lazy\" decoding=\"async\" width=\"768\" height=\"305\" src=\"https:\/\/www.vial.eus\/wp-content\/uploads\/2023\/05\/logo_mobility-768x305.jpg\" class=\"attachment-medium size-medium wp-image-13670\" alt=\"Mobility Lab Vitoria\" srcset=\"https:\/\/www.vial.eus\/wp-content\/uploads\/2023\/05\/logo_mobility-768x305.jpg 768w, https:\/\/www.vial.eus\/wp-content\/uploads\/2023\/05\/logo_mobility.jpg 800w\" sizes=\"auto, (max-width: 768px) 100vw, 768px\" \/>\t\t\t\t\t\t\t\t\t\t\t\t\t\t\t<\/div>\n\t\t\t\t<\/div>\n\t\t\t\t\t<\/div>\n\t\t<\/div>\n\t\t\t\t\t\t\t<\/div>\n\t\t<\/section>\n\t\t\t\t\t\t\t<\/div>\n\t\t","protected":false},"excerpt":{"rendered":"<p>HIGH TECHNOLOGICAL INNOVATION According to the European Commission\u2019s report \u2018Regional Innovation Scoreboard 2021\u2019, the Basque Country ranks among the most highly innovative regions, and is deemed a regional pole of excellence. Furthermore, the innovative performance of the Basque Country exceeds the European Union average and that of Spain. THE BASQUE SCIENCE, TECHNOLOGY AND INNOVATION NETWORK [&hellip;]<\/p>\n","protected":false},"author":24,"featured_media":0,"parent":13494,"menu_order":0,"comment_status":"closed","ping_status":"closed","template":"","meta":{"footnotes":""},"class_list":["post-13444","page","type-page","status-publish","hentry"],"yoast_head":"<!-- This site is optimized with the Yoast SEO plugin v20.5 - https:\/\/yoast.com\/wordpress\/plugins\/seo\/ -->\n<title>Technological Innovation In Vitoria and \u00c1lava | Vial<\/title>\n<meta name=\"description\" content=\"Basque Network of Science, Technology and Innovation (RVCTI), \u00c1lava Technology Park, RIS3 Euskadi, Mobility Lab Vitoria and \u00c1lava. High technological innovation\" \/>\n<meta name=\"robots\" content=\"index, follow, max-snippet:-1, max-image-preview:large, max-video-preview:-1\" \/>\n<link rel=\"canonical\" href=\"https:\/\/www.vial.eus\/entorno\/alta-innovacion-tecnologica\/\" \/>\n<meta property=\"og:locale\" content=\"en_US\" \/>\n<meta property=\"og:type\" content=\"article\" \/>\n<meta property=\"og:title\" content=\"Technological Innovation In Vitoria and \u00c1lava | Vial\" \/>\n<meta property=\"og:description\" content=\"Basque Network of Science, Technology and Innovation (RVCTI), \u00c1lava Technology Park, RIS3 Euskadi, Mobility Lab Vitoria and \u00c1lava. High technological innovation\" \/>\n<meta property=\"og:url\" content=\"https:\/\/www.vial.eus\/entorno\/alta-innovacion-tecnologica\/\" \/>\n<meta property=\"og:site_name\" content=\"Vial\" \/>\n<meta property=\"article:modified_time\" content=\"2024-11-15T11:40:06+00:00\" \/>\n<meta property=\"og:image\" content=\"https:\/\/www.vial.eus\/wp-content\/uploads\/2024\/11\/CIC.jpg\" \/>\n<meta name=\"twitter:card\" content=\"summary_large_image\" \/>\n<meta name=\"twitter:label1\" content=\"Est. reading time\" \/>\n\t<meta name=\"twitter:data1\" content=\"3 minutes\" \/>\n<script type=\"application\/ld+json\" class=\"yoast-schema-graph\">{\"@context\":\"https:\/\/schema.org\",\"@graph\":[{\"@type\":\"WebPage\",\"@id\":\"https:\/\/www.vial.eus\/entorno\/alta-innovacion-tecnologica\/\",\"url\":\"https:\/\/www.vial.eus\/entorno\/alta-innovacion-tecnologica\/\",\"name\":\"Technological Innovation In Vitoria and \u00c1lava | Vial\",\"isPartOf\":{\"@id\":\"https:\/\/www.vial.eus\/#website\"},\"datePublished\":\"2023-04-27T09:37:31+00:00\",\"dateModified\":\"2024-11-15T11:40:06+00:00\",\"description\":\"Basque Network of Science, Technology and Innovation (RVCTI), \u00c1lava Technology Park, RIS3 Euskadi, Mobility Lab Vitoria and \u00c1lava. High technological innovation\",\"breadcrumb\":{\"@id\":\"https:\/\/www.vial.eus\/entorno\/alta-innovacion-tecnologica\/#breadcrumb\"},\"inLanguage\":\"en-US\",\"potentialAction\":[{\"@type\":\"ReadAction\",\"target\":[\"https:\/\/www.vial.eus\/entorno\/alta-innovacion-tecnologica\/\"]}]},{\"@type\":\"BreadcrumbList\",\"@id\":\"https:\/\/www.vial.eus\/entorno\/alta-innovacion-tecnologica\/#breadcrumb\",\"itemListElement\":[{\"@type\":\"ListItem\",\"position\":1,\"name\":\"Setting\",\"item\":\"https:\/\/www.vial.eus\/en\/setting\/\"},{\"@type\":\"ListItem\",\"position\":2,\"name\":\"Highly innovative\"}]},{\"@type\":\"WebSite\",\"@id\":\"https:\/\/www.vial.eus\/#website\",\"url\":\"https:\/\/www.vial.eus\/\",\"name\":\"Vial\",\"description\":\"HUB del suroeste de Europa en el centro del corredor Atl\u00e1ntico\",\"publisher\":{\"@id\":\"https:\/\/www.vial.eus\/#organization\"},\"alternateName\":\"Vitoria \u00c1lava Logistics Solution\",\"potentialAction\":[{\"@type\":\"SearchAction\",\"target\":{\"@type\":\"EntryPoint\",\"urlTemplate\":\"https:\/\/www.vial.eus\/?s={search_term_string}\"},\"query-input\":\"required name=search_term_string\"}],\"inLanguage\":\"en-US\"},{\"@type\":\"Organization\",\"@id\":\"https:\/\/www.vial.eus\/#organization\",\"name\":\"Vitoria \u00c1lava Logistics Solution\",\"alternateName\":\"Vial\",\"url\":\"https:\/\/www.vial.eus\/\",\"logo\":{\"@type\":\"ImageObject\",\"inLanguage\":\"en-US\",\"@id\":\"https:\/\/www.vial.eus\/#\/schema\/logo\/image\/\",\"url\":\"https:\/\/www.vial.eus\/wp-content\/uploads\/2021\/09\/logo_vial.jpg\",\"contentUrl\":\"https:\/\/www.vial.eus\/wp-content\/uploads\/2021\/09\/logo_vial.jpg\",\"width\":341,\"height\":170,\"caption\":\"Vitoria \u00c1lava Logistics Solution\"},\"image\":{\"@id\":\"https:\/\/www.vial.eus\/#\/schema\/logo\/image\/\"}}]}<\/script>\n<!-- \/ Yoast SEO plugin. -->","yoast_head_json":{"title":"Technological Innovation In Vitoria and \u00c1lava | Vial","description":"Basque Network of Science, Technology and Innovation (RVCTI), \u00c1lava Technology Park, RIS3 Euskadi, Mobility Lab Vitoria and \u00c1lava. High technological innovation","robots":{"index":"index","follow":"follow","max-snippet":"max-snippet:-1","max-image-preview":"max-image-preview:large","max-video-preview":"max-video-preview:-1"},"canonical":"https:\/\/www.vial.eus\/entorno\/alta-innovacion-tecnologica\/","og_locale":"en_US","og_type":"article","og_title":"Technological Innovation In Vitoria and \u00c1lava | Vial","og_description":"Basque Network of Science, Technology and Innovation (RVCTI), \u00c1lava Technology Park, RIS3 Euskadi, Mobility Lab Vitoria and \u00c1lava. High technological innovation","og_url":"https:\/\/www.vial.eus\/entorno\/alta-innovacion-tecnologica\/","og_site_name":"Vial","article_modified_time":"2024-11-15T11:40:06+00:00","og_image":[{"url":"https:\/\/www.vial.eus\/wp-content\/uploads\/2024\/11\/CIC.jpg"}],"twitter_card":"summary_large_image","twitter_misc":{"Est. reading time":"3 minutes"},"schema":{"@context":"https:\/\/schema.org","@graph":[{"@type":"WebPage","@id":"https:\/\/www.vial.eus\/entorno\/alta-innovacion-tecnologica\/","url":"https:\/\/www.vial.eus\/entorno\/alta-innovacion-tecnologica\/","name":"Technological Innovation In Vitoria and \u00c1lava | Vial","isPartOf":{"@id":"https:\/\/www.vial.eus\/#website"},"datePublished":"2023-04-27T09:37:31+00:00","dateModified":"2024-11-15T11:40:06+00:00","description":"Basque Network of Science, Technology and Innovation (RVCTI), \u00c1lava Technology Park, RIS3 Euskadi, Mobility Lab Vitoria and \u00c1lava. High technological innovation","breadcrumb":{"@id":"https:\/\/www.vial.eus\/entorno\/alta-innovacion-tecnologica\/#breadcrumb"},"inLanguage":"en-US","potentialAction":[{"@type":"ReadAction","target":["https:\/\/www.vial.eus\/entorno\/alta-innovacion-tecnologica\/"]}]},{"@type":"BreadcrumbList","@id":"https:\/\/www.vial.eus\/entorno\/alta-innovacion-tecnologica\/#breadcrumb","itemListElement":[{"@type":"ListItem","position":1,"name":"Setting","item":"https:\/\/www.vial.eus\/en\/setting\/"},{"@type":"ListItem","position":2,"name":"Highly innovative"}]},{"@type":"WebSite","@id":"https:\/\/www.vial.eus\/#website","url":"https:\/\/www.vial.eus\/","name":"Vial","description":"HUB del suroeste de Europa en el centro del corredor Atl\u00e1ntico","publisher":{"@id":"https:\/\/www.vial.eus\/#organization"},"alternateName":"Vitoria \u00c1lava Logistics Solution","potentialAction":[{"@type":"SearchAction","target":{"@type":"EntryPoint","urlTemplate":"https:\/\/www.vial.eus\/?s={search_term_string}"},"query-input":"required name=search_term_string"}],"inLanguage":"en-US"},{"@type":"Organization","@id":"https:\/\/www.vial.eus\/#organization","name":"Vitoria \u00c1lava Logistics Solution","alternateName":"Vial","url":"https:\/\/www.vial.eus\/","logo":{"@type":"ImageObject","inLanguage":"en-US","@id":"https:\/\/www.vial.eus\/#\/schema\/logo\/image\/","url":"https:\/\/www.vial.eus\/wp-content\/uploads\/2021\/09\/logo_vial.jpg","contentUrl":"https:\/\/www.vial.eus\/wp-content\/uploads\/2021\/09\/logo_vial.jpg","width":341,"height":170,"caption":"Vitoria \u00c1lava Logistics Solution"},"image":{"@id":"https:\/\/www.vial.eus\/#\/schema\/logo\/image\/"}}]}},"acf":[],"_links":{"self":[{"href":"https:\/\/www.vial.eus\/en\/wp-json\/wp\/v2\/pages\/13444","targetHints":{"allow":["GET"]}}],"collection":[{"href":"https:\/\/www.vial.eus\/en\/wp-json\/wp\/v2\/pages"}],"about":[{"href":"https:\/\/www.vial.eus\/en\/wp-json\/wp\/v2\/types\/page"}],"author":[{"embeddable":true,"href":"https:\/\/www.vial.eus\/en\/wp-json\/wp\/v2\/users\/24"}],"replies":[{"embeddable":true,"href":"https:\/\/www.vial.eus\/en\/wp-json\/wp\/v2\/comments?post=13444"}],"version-history":[{"count":28,"href":"https:\/\/www.vial.eus\/en\/wp-json\/wp\/v2\/pages\/13444\/revisions"}],"predecessor-version":[{"id":14315,"href":"https:\/\/www.vial.eus\/en\/wp-json\/wp\/v2\/pages\/13444\/revisions\/14315"}],"up":[{"embeddable":true,"href":"https:\/\/www.vial.eus\/en\/wp-json\/wp\/v2\/pages\/13494"}],"wp:attachment":[{"href":"https:\/\/www.vial.eus\/en\/wp-json\/wp\/v2\/media?parent=13444"}],"curies":[{"name":"wp","href":"https:\/\/api.w.org\/{rel}","templated":true}]}}